{"id":3204,"date":"2026-01-25T23:27:04","date_gmt":"2026-01-25T23:27:04","guid":{"rendered":"https:\/\/novruz.tv\/reklam-siyas%c9%99ti\/"},"modified":"2026-01-25T23:27:04","modified_gmt":"2026-01-25T23:27:04","slug":"reklam-siyas%c9%99ti","status":"publish","type":"page","link":"https:\/\/novruz.tv\/?page_id=3204","title":{"rendered":"Reklam Siyas\u0259ti"},"content":{"rendered":"<p>Saytda yerl\u0259\u015fdiril\u0259n reklamlar \u00fc\u00e7\u00fcnc\u00fc t\u0259r\u0259f platformalar vasit\u0259sil\u0259 g\u00f6st\u0259ril\u0259 bil\u0259r.<\/p>\n","protected":false},"excerpt":{"rendered":"<p>Saytda yerl\u0259\u015fdiril\u0259n reklamlar \u00fc\u00e7\u00fcnc\u00fc t\u0259r\u0259f platformalar vasit\u0259sil\u0259 g\u00f6st\u0259ril\u0259 bil\u0259r.<\/p>\n","protected":false},"author":0,"featured_media":0,"parent":0,"menu_order":0,"comment_status":"closed","ping_status":"closed","template":"","meta":{"footnotes":""},"class_list":["post-3204","page","type-page","status-publish","hentry"],"_links":{"self":[{"href":"https:\/\/novruz.tv\/index.php?rest_route=\/wp\/v2\/pages\/3204","targetHints":{"allow":["GET"]}}],"collection":[{"href":"https:\/\/novruz.tv\/index.php?rest_route=\/wp\/v2\/pages"}],"about":[{"href":"https:\/\/novruz.tv\/index.php?rest_route=\/wp\/v2\/types\/page"}],"replies":[{"embeddable":true,"href":"https:\/\/novruz.tv\/index.php?rest_route=%2Fwp%2Fv2%2Fcomments&post=3204"}],"version-history":[{"count":0,"href":"https:\/\/novruz.tv\/index.php?rest_route=\/wp\/v2\/pages\/3204\/revisions"}],"wp:attachment":[{"href":"https:\/\/novruz.tv\/index.php?rest_route=%2Fwp%2Fv2%2Fmedia&parent=3204"}],"curies":[{"name":"wp","href":"https:\/\/api.w.org\/{rel}","templated":true}]}}