{"id":3203,"date":"2026-01-25T23:26:48","date_gmt":"2026-01-25T23:26:48","guid":{"rendered":"https:\/\/novruz.tv\/m%c9%99xfilik-siyas%c9%99ti\/"},"modified":"2026-01-25T23:26:48","modified_gmt":"2026-01-25T23:26:48","slug":"m%c9%99xfilik-siyas%c9%99ti","status":"publish","type":"page","link":"https:\/\/novruz.tv\/?page_id=3203","title":{"rendered":"M\u0259xfilik Siyas\u0259ti"},"content":{"rendered":"<p>Novruz TV istifad\u0259\u00e7il\u0259rin \u015f\u0259xsi m\u0259lumatlar\u0131n\u0131n qorunmas\u0131na ciddi yana\u015f\u0131r.<\/p>\n","protected":false},"excerpt":{"rendered":"<p>Novruz TV istifad\u0259\u00e7il\u0259rin \u015f\u0259xsi m\u0259lumatlar\u0131n\u0131n qorunmas\u0131na ciddi yana\u015f\u0131r.<\/p>\n","protected":false},"author":0,"featured_media":0,"parent":0,"menu_order":0,"comment_status":"closed","ping_status":"closed","template":"","meta":{"footnotes":""},"class_list":["post-3203","page","type-page","status-publish","hentry"],"_links":{"self":[{"href":"https:\/\/novruz.tv\/index.php?rest_route=\/wp\/v2\/pages\/3203","targetHints":{"allow":["GET"]}}],"collection":[{"href":"https:\/\/novruz.tv\/index.php?rest_route=\/wp\/v2\/pages"}],"about":[{"href":"https:\/\/novruz.tv\/index.php?rest_route=\/wp\/v2\/types\/page"}],"replies":[{"embeddable":true,"href":"https:\/\/novruz.tv\/index.php?rest_route=%2Fwp%2Fv2%2Fcomments&post=3203"}],"version-history":[{"count":0,"href":"https:\/\/novruz.tv\/index.php?rest_route=\/wp\/v2\/pages\/3203\/revisions"}],"wp:attachment":[{"href":"https:\/\/novruz.tv\/index.php?rest_route=%2Fwp%2Fv2%2Fmedia&parent=3203"}],"curies":[{"name":"wp","href":"https:\/\/api.w.org\/{rel}","templated":true}]}}