{"id":2887,"date":"2018-04-08T08:13:20","date_gmt":"2018-04-08T08:13:20","guid":{"rendered":"https:\/\/demo.afthemes.com\/elegant-magazine-pro\/?page_id=17"},"modified":"2025-10-17T01:35:28","modified_gmt":"2025-10-17T01:35:28","slug":"home-2","status":"publish","type":"page","link":"https:\/\/novruz.tv\/","title":{"rendered":"Ba\u015flan\u011f\u0131c"},"content":{"rendered":"","protected":false},"excerpt":{"rendered":"","protected":false},"author":1,"featured_media":0,"parent":0,"menu_order":0,"comment_status":"closed","ping_status":"closed","template":"tmpl-front-page.php","meta":{"footnotes":""},"class_list":["post-2887","page","type-page","status-publish","hentry"],"_links":{"self":[{"href":"https:\/\/novruz.tv\/index.php?rest_route=\/wp\/v2\/pages\/2887","targetHints":{"allow":["GET"]}}],"collection":[{"href":"https:\/\/novruz.tv\/index.php?rest_route=\/wp\/v2\/pages"}],"about":[{"href":"https:\/\/novruz.tv\/index.php?rest_route=\/wp\/v2\/types\/page"}],"author":[{"embeddable":true,"href":"https:\/\/novruz.tv\/index.php?rest_route=\/wp\/v2\/users\/1"}],"replies":[{"embeddable":true,"href":"https:\/\/novruz.tv\/index.php?rest_route=%2Fwp%2Fv2%2Fcomments&post=2887"}],"version-history":[{"count":1,"href":"https:\/\/novruz.tv\/index.php?rest_route=\/wp\/v2\/pages\/2887\/revisions"}],"predecessor-version":[{"id":2992,"href":"https:\/\/novruz.tv\/index.php?rest_route=\/wp\/v2\/pages\/2887\/revisions\/2992"}],"wp:attachment":[{"href":"https:\/\/novruz.tv\/index.php?rest_route=%2Fwp%2Fv2%2Fmedia&parent=2887"}],"curies":[{"name":"wp","href":"https:\/\/api.w.org\/{rel}","templated":true}]}}